{"id":38,"date":"2025-05-21T12:32:59","date_gmt":"2025-05-21T12:32:59","guid":{"rendered":"https:\/\/aprs.net.ve\/?page_id=38"},"modified":"2025-05-21T13:56:23","modified_gmt":"2025-05-21T13:56:23","slug":"aprs-tier2","status":"publish","type":"page","link":"https:\/\/aprs.net.ve\/?page_id=38","title":{"rendered":"APRS TIER2"},"content":{"rendered":"\n<p>La misi\u00f3n de la Red de Nivel 2 es proporcionar&nbsp;<strong>acceso confiable al Servicio de Internet APRS<\/strong>&nbsp;a usuarios de todo el mundo. Con&nbsp;<strong>m\u00e1s de 80 servidores en todo el mundo<\/strong>&nbsp;que recopilan y redistribuyen el tr\u00e1fico APRS a trav\u00e9s de Internet, la Red de Nivel 2 es la opci\u00f3n ideal para todos los usuarios de APRS-IS.<\/p>\n\n\n\n<p>La Red de Nivel 2 utiliza&nbsp;<strong>direcciones rotativas regionales<\/strong>&nbsp;para brindar un mejor servicio a nuestros usuarios. Bas\u00e1ndonos en el modelo de regiones de radio por paquetes, hemos seleccionado&nbsp;cinco direcciones&nbsp;que reflejan los servidores en las principales regiones del mundo. Al utilizar su software cliente APRS preferido,&nbsp;seleccione&nbsp;la direcci\u00f3n adecuada para su regi\u00f3n.<\/p>\n\n\n\n<p>Para ver informaci\u00f3n de posici\u00f3n en&nbsp;tiempo real, datos meteorol\u00f3gicos, telemetr\u00eda y mensajes en la web, visite&nbsp;<a href=\"https:\/\/aprs.fi\/\" target=\"_blank\" rel=\"noreferrer noopener\">aprs.fi.<\/a><\/p>\n\n\n\n<h4 class=\"wp-block-heading\" id=\"history\">Breve historia<\/h4>\n\n\n\n<p>En el verano de 2000, cuando el Servicio de Internet APRS a\u00fan estaba en sus inicios, se hizo evidente la necesidad de un enfoque diferente para la entrega de datos. Durante los dos a\u00f1os siguientes, algunos operadores de sistemas de servidores se reunieron y descubrieron c\u00f3mo aplicar un enfoque escalonado a la configuraci\u00f3n del servidor. Se probaron diferentes paquetes de software, y finalmente,&nbsp;<a href=\"http:\/\/www.aprs-is.net\/javAPRSSrvr\/\" target=\"_blank\" rel=\"noreferrer noopener\">javAPRSSrvr<\/a>&nbsp;(de Pete Loveall, AE5PL) se perfil\u00f3 como el software de servidor APRS m\u00e1s viable.<\/p>\n\n\n\n<p>Adem\u00e1s de una configuraci\u00f3n por niveles en la que los servidores principales de Nivel 1 servir\u00edan a los servidores secundarios de Nivel 2, que a su vez servir\u00edan a los usuarios finales, se cre\u00f3 el puerto 14580 para la fuente filtrada con la ayuda de javAPRSFilter, escrito por Roger Bille, SM5NRK. En julio de 2003, se registr\u00f3 el dominio aprs2.net y naci\u00f3 la red APRS de Nivel 2 con cinco servidores en el segundo nivel. La demanda del servicio aument\u00f3 r\u00e1pidamente y se a\u00f1adieron m\u00e1s servidores seg\u00fan fue necesario. La mayor\u00eda de los servidores ya han migrado a&nbsp;<a href=\"http:\/\/he.fi\/aprsc\/\" target=\"_blank\" rel=\"noreferrer noopener\">aprsc<\/a>&nbsp;(por Matti Aarnio, OH2MQK, y Heikki Hannikainen, OH7LZB).<\/p>\n\n\n<div class=\"wp-block-image\">\n<figure class=\"aligncenter size-full is-resized\"><img loading=\"lazy\" decoding=\"async\" width=\"647\" height=\"449\" src=\"https:\/\/aprs.net.ve\/wp-content\/uploads\/2025\/05\/aprs-t2.png\" alt=\"\" class=\"wp-image-39\" style=\"width:647px;height:auto\" srcset=\"https:\/\/aprs.net.ve\/wp-content\/uploads\/2025\/05\/aprs-t2.png 647w, https:\/\/aprs.net.ve\/wp-content\/uploads\/2025\/05\/aprs-t2-300x208.png 300w, https:\/\/aprs.net.ve\/wp-content\/uploads\/2025\/05\/aprs-t2-200x140.png 200w\" sizes=\"auto, (max-width: 647px) 100vw, 647px\" \/><\/figure>\n<\/div>\n\n\n<p><mark style=\"background-color:rgba(0, 0, 0, 0)\" class=\"has-inline-color has-vivid-cyan-blue-color\">Las direcciones de rotaci\u00f3n apuntan a servidores regionales, que se comunican con el n\u00facleo mediante una capa de concentradores T2. La red T2 cuenta actualmente con 5 concentradores y m\u00e1s de 80 servidores regionales distribuidos por todo el mundo, que se conectan a los 9 servidores del n\u00facleo.<\/mark><\/p>\n\n\n\n<p><\/p>\n\n\n\n<p>La red T2 ahora ofrece un sistema de balanceo de usuarios y carga para garantizar el uso m\u00e1s eficiente de los servidores T2. Esto significa que, en caso de interrupciones del servidor, los usuarios se redistribuyen entre los dem\u00e1s servidores T2. La red cuenta con su propia red troncal interconectada entre los concentradores T2. La mayor\u00eda de nuestros servidores se encuentran en centros de datos con alimentaci\u00f3n y suministro redundantes. Existen estrictas directrices para convertirse en operador del sistema de servidores T2, lo que garantiza la mejor calidad de los servidores y el mejor ancho de banda.<\/p>\n\n\n\n<p>Aunque nuestro enfoque ha cambiado y se ha adaptado a trav\u00e9s de los a\u00f1os, el servicio Tier2 sigue comprometido a brindar&nbsp;<strong>un servicio de Internet de m\u00e1xima calidad a todos los clientes de APRS en todo el mundo<\/strong>&nbsp;.<\/p>\n\n\n\n<p><\/p>\n\n\n\n<p><strong>Direcciones rotativas regionales<br>Utilice una de las siguientes direcciones para conectarse:<\/strong><\/p>\n\n\n\n<p><\/p>\n\n\n\n<figure class=\"wp-block-table\"><table class=\"has-fixed-layout\"><tbody><tr><td><strong>Am\u00e9rica del norte<\/strong><\/td><td>noam.aprs2.net<\/td><\/tr><tr><td><strong>Sudamerica<\/strong><\/td><td>soam.aprs2.net<\/td><\/tr><tr><td><strong>Europa y \u00c1frica<\/strong><\/td><td>euro.aprs2.net<\/td><\/tr><tr><td><strong>Asia<\/strong><\/td><td>asia.aprs2.net<\/td><\/tr><tr><td><strong>Ocean\u00eda<\/strong><\/td><td>aunz.aprs2.net<\/td><\/tr><\/tbody><\/table><\/figure>\n\n\n\n<p><\/p>\n\n\n\n<p><strong><a href=\"https:\/\/status.aprs2.net\/\"><mark style=\"background-color:rgba(0, 0, 0, 0)\" class=\"has-inline-color has-vivid-cyan-blue-color\">ESTATUS DE LA RED TIER II<\/mark><\/a><\/strong><\/p>\n\n\n\n<p><\/p>\n\n\n\n<p>PORTAL ORIGINAL EN <a href=\"http:\/\/aprs2.net\/\">http:\/\/aprs2.net\/<\/a><\/p>\n\n\n\n<p><\/p>\n","protected":false},"excerpt":{"rendered":"<p>La misi\u00f3n de la Red de Nivel 2 es proporcionar&nbsp;acceso confiable al Servicio de Internet APRS&nbsp;a usuarios de todo el mundo. Con&nbsp;m\u00e1s de 80 servidores en todo el mundo&nbsp;que recopilan y redistribuyen el tr\u00e1fico APRS a trav\u00e9s de Internet, la Red de Nivel 2 es la opci\u00f3n ideal para todos los usuarios de APRS-IS. La [&hellip;]<\/p>\n","protected":false},"author":1,"featured_media":0,"parent":0,"menu_order":0,"comment_status":"closed","ping_status":"closed","template":"page-templates\/full-width.php","meta":{"footnotes":""},"class_list":["post-38","page","type-page","status-publish","hentry"],"_links":{"self":[{"href":"https:\/\/aprs.net.ve\/index.php?rest_route=\/wp\/v2\/pages\/38","targetHints":{"allow":["GET"]}}],"collection":[{"href":"https:\/\/aprs.net.ve\/index.php?rest_route=\/wp\/v2\/pages"}],"about":[{"href":"https:\/\/aprs.net.ve\/index.php?rest_route=\/wp\/v2\/types\/page"}],"author":[{"embeddable":true,"href":"https:\/\/aprs.net.ve\/index.php?rest_route=\/wp\/v2\/users\/1"}],"replies":[{"embeddable":true,"href":"https:\/\/aprs.net.ve\/index.php?rest_route=%2Fwp%2Fv2%2Fcomments&post=38"}],"version-history":[{"count":11,"href":"https:\/\/aprs.net.ve\/index.php?rest_route=\/wp\/v2\/pages\/38\/revisions"}],"predecessor-version":[{"id":58,"href":"https:\/\/aprs.net.ve\/index.php?rest_route=\/wp\/v2\/pages\/38\/revisions\/58"}],"wp:attachment":[{"href":"https:\/\/aprs.net.ve\/index.php?rest_route=%2Fwp%2Fv2%2Fmedia&parent=38"}],"curies":[{"name":"wp","href":"https:\/\/api.w.org\/{rel}","templated":true}]}}